{"id":41,"date":"2024-08-22T06:29:29","date_gmt":"2024-08-22T06:29:29","guid":{"rendered":"https:\/\/sarefinadora.es\/?page_id=41"},"modified":"2024-08-27T06:48:47","modified_gmt":"2024-08-27T06:48:47","slug":"home","status":"publish","type":"page","link":"https:\/\/sarefinadora.es\/","title":{"rendered":"home"},"content":{"rendered":"\n<div class=\"wp-block-group alignfull has-base-background-color has-background has-global-padding is-layout-constrained wp-container-core-group-is-layout-669513ed wp-block-group-is-layout-constrained\" style=\"margin-top:0;margin-bottom:0;padding-top:var(--wp--preset--spacing--50);padding-right:var(--wp--preset--spacing--50);padding-bottom:var(--wp--preset--spacing--50);padding-left:var(--wp--preset--spacing--50)\">\n<div class=\"wp-block-columns alignwide is-layout-flex wp-container-core-columns-is-layout-d0846407 wp-block-columns-is-layout-flex\">\n<div class=\"wp-block-column is-vertically-aligned-stretch is-layout-flow wp-block-column-is-layout-flow\" style=\"flex-basis:40%\">\n<div class=\"wp-block-group is-vertical is-content-justification-left is-layout-flex wp-container-core-group-is-layout-8c3a5bbe wp-block-group-is-layout-flex\" style=\"min-height:100%\">\n<div class=\"wp-block-group t_vertical is-nowrap is-layout-flex wp-container-core-group-is-layout-6c531013 wp-block-group-is-layout-flex\">\n<h2 class=\"wp-block-heading has-text-align-right\" style=\"margin-right:0;margin-left:calc( var(--wp--preset--spacing--20) * -1);font-size:clamp(3.8rem, 3.8rem + ((1vw - 0.2rem) * 7), 8rem);line-height:1;writing-mode:vertical-rl\">ESPAI<\/h2>\n\n\n\n<h2 class=\"wp-block-heading has-text-align-right\" style=\"margin-right:0;margin-left:calc( var(--wp--preset--spacing--20) * -1);font-size:clamp(3.8rem, 3.8rem + ((1vw - 0.2rem) * 7), 8rem);line-height:1;writing-mode:vertical-rl\">CULTURAL<\/h2>\n<\/div>\n\n\n\n<div class=\"wp-block-group has-global-padding is-content-justification-left is-layout-constrained wp-container-core-group-is-layout-9fe8ed88 wp-block-group-is-layout-constrained\">\n<figure class=\"wp-block-image size-large is-resized\"><img loading=\"lazy\" decoding=\"async\" width=\"1024\" height=\"225\" src=\"https:\/\/sarefinadora.es\/wp-content\/uploads\/2024\/08\/Recurso-1-1024x225.png\" alt=\"\" class=\"wp-image-111\" style=\"width:257px;height:auto\" srcset=\"https:\/\/sarefinadora.es\/wp-content\/uploads\/2024\/08\/Recurso-1-1024x225.png 1024w, https:\/\/sarefinadora.es\/wp-content\/uploads\/2024\/08\/Recurso-1-300x66.png 300w, https:\/\/sarefinadora.es\/wp-content\/uploads\/2024\/08\/Recurso-1-768x169.png 768w, https:\/\/sarefinadora.es\/wp-content\/uploads\/2024\/08\/Recurso-1-1536x338.png 1536w, https:\/\/sarefinadora.es\/wp-content\/uploads\/2024\/08\/Recurso-1-2048x451.png 2048w\" sizes=\"auto, (max-width: 1024px) 100vw, 1024px\" \/><\/figure>\n\n\n\n<p class=\"wp-container-content-0733e5d0\">Experimenteu la fusi\u00f3 de la imaginaci\u00f3 i l&#8217;experi\u00e8ncia A un EDIFICI HIST\u00d2RIC DE MARRATX\u00ed<\/p>\n\n\n\n<div class=\"wp-block-buttons is-layout-flex wp-block-buttons-is-layout-flex\">\n<div class=\"wp-block-button is-style-outline is-style-outline--1\"><a class=\"wp-block-button__link wp-element-button\" href=\"https:\/\/sarefinadora.es\/?post_type=tribe_events\" style=\"border-radius:0px\">AGENDA<\/a><\/div>\n<\/div>\n<\/div>\n<\/div>\n<\/div>\n\n\n\n<div class=\"wp-block-column is-vertically-aligned-top is-layout-flow wp-block-column-is-layout-flow\" style=\"flex-basis:60%\">\n<figure class=\"wp-block-image size-large is-style-rounded wp-duotone-duotone-5 is-style-rounded--2\"><img loading=\"lazy\" decoding=\"async\" width=\"1024\" height=\"576\" src=\"https:\/\/sarefinadora.es\/wp-content\/uploads\/2023\/05\/DSC03939-1024x576.jpeg\" alt=\"\" class=\"wp-image-18\" style=\"aspect-ratio:3\/4;object-fit:cover\" srcset=\"https:\/\/sarefinadora.es\/wp-content\/uploads\/2023\/05\/DSC03939-1024x576.jpeg 1024w, https:\/\/sarefinadora.es\/wp-content\/uploads\/2023\/05\/DSC03939-300x169.jpeg 300w, https:\/\/sarefinadora.es\/wp-content\/uploads\/2023\/05\/DSC03939-768x432.jpeg 768w, https:\/\/sarefinadora.es\/wp-content\/uploads\/2023\/05\/DSC03939-1536x864.jpeg 1536w, https:\/\/sarefinadora.es\/wp-content\/uploads\/2023\/05\/DSC03939-2048x1152.jpeg 2048w, https:\/\/sarefinadora.es\/wp-content\/uploads\/2023\/05\/DSC03939-200x113.jpeg 200w, https:\/\/sarefinadora.es\/wp-content\/uploads\/2023\/05\/DSC03939-400x225.jpeg 400w, https:\/\/sarefinadora.es\/wp-content\/uploads\/2023\/05\/DSC03939-600x338.jpeg 600w, https:\/\/sarefinadora.es\/wp-content\/uploads\/2023\/05\/DSC03939-800x450.jpeg 800w, https:\/\/sarefinadora.es\/wp-content\/uploads\/2023\/05\/DSC03939-1200x675.jpeg 1200w\" sizes=\"auto, (max-width: 1024px) 100vw, 1024px\" \/><\/figure>\n<\/div>\n<\/div>\n\n\n\n<div class=\"wp-block-group alignfull has-border-color has-base-border-color has-base-background-color has-text-color has-background is-layout-flow wp-block-group-is-layout-flow\" style=\"color:#ffffff;padding-top:100px;padding-right:100px;padding-bottom:100px;padding-left:100px\">\n<h2 class=\"wp-block-heading alignwide\">ESDEVENIMENTS<\/h2>\n\n\n\n<div class=\"wp-block-query is-layout-flow wp-block-query-is-layout-flow\"><ul class=\"wp-block-post-template is-layout-flow wp-block-post-template-is-layout-flow\"><li class=\"wp-block-post post-66 post type-post status-publish format-standard has-post-thumbnail hentry category-exposicions\">\n\n<hr class=\"wp-block-separator has-text-color has-contrast-color has-alpha-channel-opacity has-contrast-background-color has-background alignwide is-style-wide\"\/>\n\n<\/li><\/ul><\/div>\n\n\n\n<div  class=\"tribe-compatibility-container\" >\n\t<div\n\t\t class=\"tribe-common tribe-events tribe-events-view tribe-events-view--widget-events-list tribe-events-widget\" \t\tdata-js=\"tribe-events-view\"\n\t\tdata-view-rest-url=\"https:\/\/sarefinadora.es\/index.php?rest_route=\/tribe\/views\/v2\/html\"\n\t\tdata-view-manage-url=\"1\"\n\t\t\t\t\t\t\tdata-view-breakpoint-pointer=\"4779b60b-6932-441c-8ddf-3c4ecce196d2\"\n\t\t\t>\n\t\t<div class=\"tribe-events-widget-events-list\">\n\n\t\t\t\n\t\t\t<script data-js=\"tribe-events-view-data\" type=\"application\/json\">\n\t{\"slug\":\"widget-events-list\",\"prev_url\":\"\",\"next_url\":\"\",\"view_class\":\"Tribe\\\\Events\\\\Views\\\\V2\\\\Views\\\\Widgets\\\\Widget_List_View\",\"view_slug\":\"widget-events-list\",\"view_label\":\"View\",\"view\":null,\"should_manage_url\":true,\"id\":null,\"alias-slugs\":null,\"title\":\"Propers Esdeveniments \\u2013 SA REFINADORA | MARRATX\\u00cd\",\"limit\":\"3\",\"no_upcoming_events\":false,\"featured_events_only\":false,\"jsonld_enable\":true,\"tribe_is_list_widget\":false,\"admin_fields\":{\"title\":{\"label\":\"T\\u00edtol:\",\"type\":\"text\",\"classes\":\"\",\"dependency\":\"\",\"id\":\"widget-tribe-widget-events-list--1-title\",\"name\":\"widget-tribe-widget-events-list[-1][title]\",\"options\":[],\"placeholder\":\"\",\"value\":null},\"limit\":{\"label\":\"Mostra:\",\"type\":\"number\",\"default\":5,\"min\":1,\"max\":10,\"step\":1,\"classes\":\"\",\"dependency\":\"\",\"id\":\"widget-tribe-widget-events-list--1-limit\",\"name\":\"widget-tribe-widget-events-list[-1][limit]\",\"options\":[],\"placeholder\":\"\",\"value\":null},\"no_upcoming_events\":{\"label\":\"Oculta aquest giny si no hi ha esdeveniments propers.\",\"type\":\"checkbox\",\"classes\":\"\",\"dependency\":\"\",\"id\":\"widget-tribe-widget-events-list--1-no_upcoming_events\",\"name\":\"widget-tribe-widget-events-list[-1][no_upcoming_events]\",\"options\":[],\"placeholder\":\"\",\"value\":null},\"featured_events_only\":{\"label\":\"Mostra el giny si hi ha esdeveniments destacats\",\"type\":\"checkbox\",\"classes\":\"\",\"dependency\":\"\",\"id\":\"widget-tribe-widget-events-list--1-featured_events_only\",\"name\":\"widget-tribe-widget-events-list[-1][featured_events_only]\",\"options\":[],\"placeholder\":\"\",\"value\":null},\"jsonld_enable\":{\"label\":\"Genera les dades JSON-LD\",\"type\":\"checkbox\",\"classes\":\"\",\"dependency\":\"\",\"id\":\"widget-tribe-widget-events-list--1-jsonld_enable\",\"name\":\"widget-tribe-widget-events-list[-1][jsonld_enable]\",\"options\":[],\"placeholder\":\"\",\"value\":null}},\"events\":[],\"url\":\"https:\\\/\\\/sarefinadora.es\\\/?post_type=tribe_events&eventDisplay=widget-events-list\",\"url_event_date\":false,\"bar\":{\"keyword\":\"\",\"date\":\"\"},\"today\":\"2026-05-02 00:00:00\",\"now\":\"2026-05-02 16:18:08\",\"rest_url\":\"https:\\\/\\\/sarefinadora.es\\\/index.php?rest_route=\\\/tribe\\\/views\\\/v2\\\/html\",\"rest_method\":\"POST\",\"rest_nonce\":\"\",\"today_url\":\"https:\\\/\\\/sarefinadora.es\\\/?post_type=tribe_events&eventDisplay=widget-events-list&rest_route=%2Fwp%2Fv2%2Fpages%2F41\",\"today_title\":\"Cliqueu per seleccionar la data d'avui\",\"today_label\":\"Avui\",\"prev_label\":\"\",\"next_label\":\"\",\"date_formats\":{\"compact\":\"n\\\/j\\\/Y\",\"month_and_year_compact\":\"n\\\/Y\",\"month_and_year\":\"F Y\",\"time_range_separator\":\" - \",\"date_time_separator\":\" @ \"},\"messages\":{\"notice\":[\"No hi ha esdeveniments pr\\u00f2xims.\"]},\"start_of_week\":\"1\",\"header_title\":\"\",\"header_title_element\":\"h1\",\"content_title\":\"\",\"breadcrumbs\":[],\"before_events\":\"\",\"after_events\":\"\\n<!--\\nThis calendar is powered by The Events Calendar.\\nhttp:\\\/\\\/evnt.is\\\/18wn\\n-->\\n\",\"display_events_bar\":false,\"disable_event_search\":false,\"live_refresh\":true,\"ical\":{\"display_link\":true,\"link\":{\"url\":\"https:\\\/\\\/sarefinadora.es\\\/?post_type=tribe_events&#038;eventDisplay=widget-events-list&#038;ical=1\",\"text\":\"Exporta Esdeveniments\",\"title\":\"Utilitzeu-ho per compartir informaci\\u00f3 del calendari a trav\\u00e9s de Google Calendar, Apple iCal i altres aplicacions compatibles.\"}},\"container_classes\":[\"tribe-common\",\"tribe-events\",\"tribe-events-view\",\"tribe-events-view--widget-events-list\",\"tribe-events-widget\"],\"container_data\":[],\"is_past\":false,\"breakpoints\":{\"xsmall\":500,\"medium\":768,\"full\":960},\"breakpoint_pointer\":\"4779b60b-6932-441c-8ddf-3c4ecce196d2\",\"is_initial_load\":false,\"public_views\":{\"list\":{\"view_class\":\"Tribe\\\\Events\\\\Views\\\\V2\\\\Views\\\\List_View\",\"view_url\":\"https:\\\/\\\/sarefinadora.es\\\/?post_type=tribe_events&eventDisplay=list\",\"view_label\":\"Llista\"},\"month\":{\"view_class\":\"Tribe\\\\Events\\\\Views\\\\V2\\\\Views\\\\Month_View\",\"view_url\":\"https:\\\/\\\/sarefinadora.es\\\/?post_type=tribe_events&eventDisplay=month\",\"view_label\":\"Mes\"},\"day\":{\"view_class\":\"Tribe\\\\Events\\\\Views\\\\V2\\\\Views\\\\Day_View\",\"view_url\":\"https:\\\/\\\/sarefinadora.es\\\/?post_type=tribe_events&eventDisplay=day\",\"view_label\":\"Dia\"}},\"show_latest_past\":false,\"compatibility_classes\":[\"tribe-compatibility-container\"],\"view_more_text\":\"Visualitza el calendari\",\"view_more_title\":\"Visualitza m\\u00e9s esdeveniments.\",\"view_more_link\":\"https:\\\/\\\/sarefinadora.es\",\"widget_title\":\"Propers esdeveniments\",\"hide_if_no_upcoming_events\":false,\"display\":[],\"subscribe_links\":{\"gcal\":{\"block_slug\":\"hasGoogleCalendar\",\"label\":\"Google Calendar\",\"single_label\":\"Afegeix a Google Calendar\",\"visible\":true},\"ical\":{\"block_slug\":\"hasiCal\",\"label\":\"iCalendar\",\"single_label\":\"Afegeix a iCalendar\",\"visible\":true},\"outlook-365\":{\"block_slug\":\"hasOutlook365\",\"label\":\"Outlook 365\",\"single_label\":\"Outlook 365\",\"visible\":true},\"outlook-live\":{\"block_slug\":\"hasOutlookLive\",\"label\":\"Outlook Live\",\"single_label\":\"Outlook Live\",\"visible\":true},\"ics\":{\"label\":\"Exporta el fitxer .ics\",\"single_label\":\"Exporta el fitxer .ics\",\"visible\":true,\"block_slug\":null},\"outlook-ics\":{\"label\":\"Exporta el fitxer .ics d'Outlook\",\"single_label\":\"Exporta el fitxer .ics d'Outlook\",\"visible\":true,\"block_slug\":null}},\"_context\":{\"slug\":\"widget-events-list\"}}<\/script>\n\n\t\t\t\t\t\t\t<header class=\"tribe-events-widget-events-list__header\">\n\t\t\t\t\t<h2 class=\"tribe-events-widget-events-list__header-title tribe-common-h6 tribe-common-h--alt\">\n\t\t\t\t\t\tPropers esdeveniments\t\t\t\t\t<\/h2>\n\t\t\t\t<\/header>\n\t\t\t\n\t\t\t\n\t\t\t\t<div  class=\"tribe-events-header__messages tribe-events-c-messages tribe-common-b2\"  >\n\t\t\t<div class=\"tribe-events-c-messages__message tribe-events-c-messages__message--notice\" role=\"alert\">\n\t\t\t<svg  class=\"tribe-common-c-svgicon tribe-common-c-svgicon--messages-not-found tribe-events-c-messages__message-icon-svg\"  viewBox=\"0 0 21 23\" xmlns=\"http:\/\/www.w3.org\/2000\/svg\"><g fill-rule=\"evenodd\"><path d=\"M.5 2.5h20v20H.5z\"\/><path stroke-linecap=\"round\" d=\"M7.583 11.583l5.834 5.834m0-5.834l-5.834 5.834\" class=\"tribe-common-c-svgicon__svg-stroke\"\/><path stroke-linecap=\"round\" d=\"M4.5.5v4m12-4v4\"\/><path stroke-linecap=\"square\" d=\"M.5 7.5h20\"\/><\/g><\/svg>\n\t\t\t<ul class=\"tribe-events-c-messages__message-list\">\n\t\t\t\t\t\t\t\t\t<li\n\t\t\t\t\t\tclass=\"tribe-events-c-messages__message-list-item\"\n\t\t\t\t\t\t data-key=\"0\" \t\t\t\t\t>\n\t\t\t\t\tNo hi ha esdeveniments pr\u00f2xims.\t\t\t\t\t<\/li>\n\t\t\t\t\t\t\t<\/ul>\n\t\t<\/div>\n\t<\/div>\n\n\t\t\t\t\t<\/div>\n\t<\/div>\n<\/div>\n<script data-js='tribe-events-view-nonce-data' type='application\/json'>{\"_tec_view_rest_nonce_primary\":\"76e7628781\",\"_tec_view_rest_nonce_secondary\":\"\"}<\/script>\n<\/div>\n<\/div>\n\n\n\n<div class=\"wp-block-group alignfull has-contrast-background-color has-background has-global-padding is-layout-constrained wp-container-core-group-is-layout-d89aad35 wp-block-group-is-layout-constrained\" style=\"margin-top:0;margin-bottom:0;padding-top:var(--wp--preset--spacing--50);padding-right:var(--wp--preset--spacing--50);padding-bottom:var(--wp--preset--spacing--50);padding-left:var(--wp--preset--spacing--50)\">\n<div class=\"wp-block-columns alignwide is-layout-flex wp-container-core-columns-is-layout-1da03c2a wp-block-columns-is-layout-flex\">\n<div class=\"wp-block-column is-vertically-aligned-center is-layout-flow wp-block-column-is-layout-flow\" style=\"flex-basis:60%\">\n<figure class=\"wp-block-image size-full is-style-rounded wp-duotone-duotone-1 is-style-rounded--3\"><img loading=\"lazy\" decoding=\"async\" width=\"2560\" height=\"1706\" src=\"https:\/\/sarefinadora.es\/wp-content\/uploads\/2024\/08\/1L9A2493-scaled.jpg\" alt=\"\" class=\"wp-image-104\" style=\"aspect-ratio:4\/3;object-fit:cover\" srcset=\"https:\/\/sarefinadora.es\/wp-content\/uploads\/2024\/08\/1L9A2493-scaled.jpg 2560w, https:\/\/sarefinadora.es\/wp-content\/uploads\/2024\/08\/1L9A2493-300x200.jpg 300w, https:\/\/sarefinadora.es\/wp-content\/uploads\/2024\/08\/1L9A2493-1024x683.jpg 1024w, https:\/\/sarefinadora.es\/wp-content\/uploads\/2024\/08\/1L9A2493-768x512.jpg 768w, https:\/\/sarefinadora.es\/wp-content\/uploads\/2024\/08\/1L9A2493-1536x1024.jpg 1536w, https:\/\/sarefinadora.es\/wp-content\/uploads\/2024\/08\/1L9A2493-2048x1365.jpg 2048w\" sizes=\"auto, (max-width: 2560px) 100vw, 2560px\" \/><\/figure>\n<\/div>\n\n\n\n<div class=\"wp-block-column is-layout-flow wp-block-column-is-layout-flow\" style=\"flex-basis:40%\">\n<h2 class=\"wp-block-heading has-base-2-color has-text-color has-link-color wp-elements-9de1c8f286095c436b8d395f1a4bb668\">Sa refinadora, HIST\u00d2RIA D&#8217;ES PONT D&#8217;INCA<\/h2>\n\n\n\n<p class=\"has-base-2-color has-text-color has-link-color wp-elements-6a1f834baf5a15add69a43ee11924d0a\">Sa Refinadora \u00e9s l\u2019edifici hist\u00f2ric industrial m\u00e9s important del Pont d\u2019Inca. Va comen\u00e7ar a funcionar el 1931 fent del tractament de la garrova la seva ra\u00f3 de ser i contribuint decisivament a la dinamitzaci\u00f3 social del nucli .<\/p>\n\n\n\n<div class=\"wp-block-buttons is-layout-flex wp-block-buttons-is-layout-flex\">\n<div class=\"wp-block-button\"><a class=\"wp-block-button__link has-contrast-color has-base-2-background-color has-text-color has-background has-link-color wp-element-button\" href=\"https:\/\/sarefinadora.es\/?page_id=122\">CONEIX m\u00e9s<\/a><\/div>\n<\/div>\n<\/div>\n<\/div>\n<\/div>\n\n\n\n<div class=\"wp-block-group alignfull has-border-color has-base-border-color has-base-background-color has-text-color has-background is-layout-flow wp-block-group-is-layout-flow\" style=\"color:#ffffff;padding-top:100px;padding-right:100px;padding-bottom:100px;padding-left:100px\">\n<h2 class=\"wp-block-heading alignwide\">EXPOSICIONS<\/h2>\n\n\n\n<div class=\"wp-block-query is-layout-flow wp-block-query-is-layout-flow\"><ul class=\"wp-block-post-template is-layout-flow wp-block-post-template-is-layout-flow\"><li class=\"wp-block-post post-66 post type-post status-publish format-standard has-post-thumbnail hentry category-exposicions\">\n\n<hr class=\"wp-block-separator has-text-color has-contrast-color has-alpha-channel-opacity has-contrast-background-color has-background alignwide is-style-wide\"\/>\n\n\n\n<div class=\"wp-block-columns alignwide are-vertically-aligned-center is-layout-flex wp-container-core-columns-is-layout-28f84493 wp-block-columns-is-layout-flex\">\n<div class=\"wp-block-column is-vertically-aligned-center is-layout-flow wp-block-column-is-layout-flow\" style=\"flex-basis:20%\"><div class=\"wp-block-post-date has-text-color has-contrast-color has-extra-small-font-size\"><time datetime=\"2024-08-22T08:05:37+00:00\">agost 22, 2024<\/time><\/div><\/div>\n\n\n\n<div class=\"wp-block-column is-vertically-aligned-center is-layout-flow wp-block-column-is-layout-flow\" style=\"flex-basis:80%\"><h2 style=\"color:#ffffff; font-size:clamp(38.682px, 2.418rem + ((1vw - 3.2px) * 3.471), 72px);line-height:1.1;\" class=\"wp-block-post-title has-text-color\"><a href=\"https:\/\/sarefinadora.es\/?p=66\" target=\"_self\" >XXXVII Certamen de pintura de Sant mar\u00e7al<\/a><\/h2><\/div>\n<\/div>\n\n<\/li><\/ul><\/div>\n\n\n\n<div class=\"wp-block-buttons is-layout-flex wp-block-buttons-is-layout-flex\">\n<div class=\"wp-block-button\"><a class=\"wp-block-button__link has-contrast-color has-accent-4-background-color has-text-color has-background has-link-color wp-element-button\" href=\"https:\/\/sarefinadora.es\/?page_id=84\">CAT\u00c0LEGS<\/a><\/div>\n<\/div>\n<\/div>\n\n\n\n<p><\/p>\n","protected":false},"excerpt":{"rendered":"<p>ESPAI CULTURAL Experimenteu la fusi\u00f3 de la imaginaci\u00f3 i l&#8217;experi\u00e8ncia A un EDIFICI HIST\u00d2RIC DE MARRATX\u00ed ESDEVENIMENTS Sa refinadora, HIST\u00d2RIA D&#8217;ES PONT D&#8217;INCA Sa Refinadora \u00e9s l\u2019edifici hist\u00f2ric industrial m\u00e9s [&hellip;]<\/p>\n","protected":false},"author":1,"featured_media":0,"parent":0,"menu_order":0,"comment_status":"closed","ping_status":"closed","template":"","meta":{"_EventAllDay":false,"_EventTimezone":"","_EventStartDate":"","_EventEndDate":"","_EventStartDateUTC":"","_EventEndDateUTC":"","_EventShowMap":false,"_EventShowMapLink":false,"_EventURL":"","_EventCost":"","_EventCostDescription":"","_EventCurrencySymbol":"","_EventCurrencyCode":"","_EventCurrencyPosition":"","_EventDateTimeSeparator":"","_EventTimeRangeSeparator":"","_EventOrganizerID":[],"_EventVenueID":[],"_OrganizerEmail":"","_OrganizerPhone":"","_OrganizerWebsite":"","_VenueAddress":"","_VenueCity":"","_VenueCountry":"","_VenueProvince":"","_VenueState":"","_VenueZip":"","_VenuePhone":"","_VenueURL":"","_VenueStateProvince":"","_VenueLat":"","_VenueLng":"","_VenueShowMap":false,"_VenueShowMapLink":false,"footnotes":""},"class_list":["post-41","page","type-page","status-publish","hentry"],"_links":{"self":[{"href":"https:\/\/sarefinadora.es\/index.php?rest_route=\/wp\/v2\/pages\/41","targetHints":{"allow":["GET"]}}],"collection":[{"href":"https:\/\/sarefinadora.es\/index.php?rest_route=\/wp\/v2\/pages"}],"about":[{"href":"https:\/\/sarefinadora.es\/index.php?rest_route=\/wp\/v2\/types\/page"}],"author":[{"embeddable":true,"href":"https:\/\/sarefinadora.es\/index.php?rest_route=\/wp\/v2\/users\/1"}],"replies":[{"embeddable":true,"href":"https:\/\/sarefinadora.es\/index.php?rest_route=%2Fwp%2Fv2%2Fcomments&post=41"}],"version-history":[{"count":25,"href":"https:\/\/sarefinadora.es\/index.php?rest_route=\/wp\/v2\/pages\/41\/revisions"}],"predecessor-version":[{"id":174,"href":"https:\/\/sarefinadora.es\/index.php?rest_route=\/wp\/v2\/pages\/41\/revisions\/174"}],"wp:attachment":[{"href":"https:\/\/sarefinadora.es\/index.php?rest_route=%2Fwp%2Fv2%2Fmedia&parent=41"}],"curies":[{"name":"wp","href":"https:\/\/api.w.org\/{rel}","templated":true}]}}